{"id":4575,"date":"2019-01-17T13:23:48","date_gmt":"2019-01-17T13:23:48","guid":{"rendered":"https:\/\/www.igengineering.it\/ita\/?page_id=4575"},"modified":"2019-01-18T09:42:32","modified_gmt":"2019-01-18T09:42:32","slug":"politica-della-qualita","status":"publish","type":"page","link":"https:\/\/www.igengineering.it\/ita\/politica-della-qualita\/","title":{"rendered":"Politica della qualit\u00e0"},"content":{"rendered":"<p>[vc_row][vc_column][vc_column_text]<\/p>\n<div class=\"grve-section\" data-section-title=\"\" data-section-type=\"fullwidth-background\" data-image-type=\"none\" data-full-height=\"no\">\n<div class=\"grve-row grve-bookmark\">\n<div class=\"wpb_column grve-column grve-bookmark grve-column-1\">\n<div class=\"grve-element grve-text\">\n<p>La <strong><em>IG ENGINEERING Srl <\/em><\/strong>\u00e8 consapevole che la qualit\u00e0 dei suoi servizi influenza in misura determinante la sua immagine e quindi la posizione sul mercato e la redditivit\u00e0. La scelta di introdurre in azienda un Sistema per la Gestione della Qualit\u00e0 \u00e8 stata motivata dalla sentita esigenza di regolamentare in forma chiara e univoca lo svolgimento del nostro lavoro, utilizzando un documento di riferimento (il Manuale Gestione Qualit\u00e0), in base al quale ottimizzare l\u2019organizzazione delle risorse, stabilire degli obiettivi qualitativi finalizzati e ridurre di conseguenza il verificarsi di situazioni e condizioni di non conformit\u00e0 nei rapporti tecnico commerciali con la clientela. La <em>IG ENGINEERING Srl <\/em>ha stabilito di determinare, monitorare e riesaminare i fattori del contesto interni ed esterni che sono rilevanti per il raggiungimento dei propri obiettivi strategici e che influenzano la capacit\u00e0 di ottenere i risultati attesi dal SGQ. La <em>IG ENGINEERING Srl<\/em> ha stabilito di identificare i rischi e i relativi impatti come risposta alle minacce legate alla mancata presa in carico di esigenze e aspettative delle parti interessate ed in particolare del cliente che sono sempre prioritarie insieme a quelle derivanti dalle cogenze normative, con lo scopo pi\u00f9 generale di assicurare il conseguimento dei risultati attesi dal SGQ perseguendo, quindi, il miglioramento continuo. La <em>IG ENGINEERING Srl <\/em>ha scelto pertanto di seguire una strategia nel settore della qualit\u00e0 basata sui seguenti principi fondamentali.<\/p>\n<ul>\n<li>La qualit\u00e0 dei servizi erogati deve essere sempre allineata a quella promessa ed attesa dal cliente, conforme alle leggi ed ai regolamenti vigenti e alla norma UNI EN ISO 9001:2015;<\/li>\n<li>La <em>IG ENGINEERING Srl <\/em>intende operare affinch\u00e9 sia sempre garantita la soddisfazione dei clienti e, compatibilmente con la Politica aziendale, le aspettative delle altre parti interessate.<\/li>\n<li>La <em>IG ENGINEERING Srl <\/em>intende individuare, qualificare e coinvolgere i fornitori, che possono influenzare la qualit\u00e0 del prodotto e servizio finale, al fine di instaurare un rapporto di reciproca collaborazione e fiducia tale da garantire il sistematico rispetto dei requisiti qualitativi del prodotto o servizio acquistato, nonch\u00e9 dei termini di consegna specificati sul contratto.<\/li>\n<li>La <em>IG ENGINEERING Srl <\/em>intende operare affinch\u00e9 sia sempre garantita la qualit\u00e0 del prodotto finale , avvalendosi di personale di alto valore tecnico con qualifiche professionali adeguate ed un bagaglio culturale sempre aggiornato attraverso una costante formazione teorica e pratica.<\/li>\n<li>La <em>IG ENGINEERING Srl <\/em>con l\u2019istituzione del proprio Sistema di Gestione della qualit\u00e0 intende migliorare le prestazione dei processi aziendali individuati e prevenire i rischi che possono impattare sul perseguimento dei propri obiettivi.<\/li>\n<li>Per il conseguimento degli obiettivi fissati la <em>IG ENGINEERING Srl <\/em>ritiene indispensabile il coinvolgimento di tutte le funzioni e di tutti i collaboratori.<\/li>\n<li>L\u2019 attuazione degli obiettivi \u00e8 costantemente incoraggiata e verificata dal vertice aziendale che definisce obiettivi specifici ed opportunit\u00e0 di miglioramento per le funzioni o i processi aziendali e mette a disposizione le risorse necessarie.<\/li>\n<\/ul>\n<p>Gli obiettivi per la qualit\u00e0 sono periodicamente aggiornati e tenuti sotto controllo con le azioni correttive dettate dall\u2019esperienza maturata e le opportunit\u00e0 di miglioramento emerse dall\u2019 analisi dei rischi. Tra gli obiettivi strategici si ricordano:<\/p>\n<ul>\n<li>La perfetta esecuzione del prodotto\/servizio nel pieno rispetto dei requisiti tecnici e qualitativi concordati con il Cliente<\/li>\n<li>Soddisfazione delle esigenze ed aspettative implicite ed esplicite delle parti interessate<\/li>\n<li>Conoscenze tecniche aggiornate ed adeguate<\/li>\n<li>Conoscenze legislative aggiornate ed adeguate<\/li>\n<li>Facilit\u00e0 nei contatti e nelle comunicazioni<\/li>\n<li>Efficace gestione dei processi di coordinamento<\/li>\n<li>Ottimizzazione dell\u2019organizzazione e dei processi stessi<\/li>\n<li>Soddisfazione dei requisiti di sicurezza, d\u2019igiene e tutela ambientale previsti dalle leggi in vigore<\/li>\n<\/ul>\n<p>Treviglio, 29\/01\/2018<\/p>\n<\/div>\n<\/div>\n<\/div>\n<\/div>\n<p>[\/vc_column_text][vc_row_inner][vc_column_inner width=&#8221;1\/4&#8243;]<div class=\"grve-element grve-image grve-align-left\" style=\"\"><img loading=\"lazy\" decoding=\"async\" width=\"150\" height=\"150\" src=\"https:\/\/www.igengineering.it\/ita\/wp-content\/uploads\/sites\/5\/2019\/01\/ISO-9001-150x150.jpg\" class=\"attachment-thumbnail size-thumbnail\" alt=\"\" srcset=\"https:\/\/www.igengineering.it\/ita\/wp-content\/uploads\/sites\/5\/2019\/01\/ISO-9001-150x150.jpg 150w, https:\/\/www.igengineering.it\/ita\/wp-content\/uploads\/sites\/5\/2019\/01\/ISO-9001-300x300.jpg 300w, https:\/\/www.igengineering.it\/ita\/wp-content\/uploads\/sites\/5\/2019\/01\/ISO-9001-80x80.jpg 80w, https:\/\/www.igengineering.it\/ita\/wp-content\/uploads\/sites\/5\/2019\/01\/ISO-9001.jpg 400w\" sizes=\"auto, (max-width: 150px) 100vw, 150px\" \/><\/div>[\/vc_column_inner][vc_column_inner width=&#8221;1\/4&#8243;][\/vc_column_inner][vc_column_inner width=&#8221;1\/4&#8243;][\/vc_column_inner][vc_column_inner width=&#8221;1\/4&#8243;][\/vc_column_inner][\/vc_row_inner][\/vc_column][\/vc_row]<\/p>\n","protected":false},"excerpt":{"rendered":"<p>[vc_row][vc_column][vc_column_text] La IG ENGINEERING Srl \u00e8 consapevole che la qualit\u00e0 dei suoi servizi influenza in misura determinante la sua immagine e quindi la posizione sul mercato e la redditivit\u00e0. La scelta di introdurre in azienda un Sistema per la Gestione della Qualit\u00e0 \u00e8 stata motivata dalla sentita esigenza di regolamentare in forma chiara e univoca [&hellip;]<\/p>\n","protected":false},"author":1,"featured_media":0,"parent":0,"menu_order":0,"comment_status":"closed","ping_status":"closed","template":"","meta":{"footnotes":""},"class_list":["post-4575","page","type-page","status-publish","hentry"],"_links":{"self":[{"href":"https:\/\/www.igengineering.it\/ita\/wp-json\/wp\/v2\/pages\/4575","targetHints":{"allow":["GET"]}}],"collection":[{"href":"https:\/\/www.igengineering.it\/ita\/wp-json\/wp\/v2\/pages"}],"about":[{"href":"https:\/\/www.igengineering.it\/ita\/wp-json\/wp\/v2\/types\/page"}],"author":[{"embeddable":true,"href":"https:\/\/www.igengineering.it\/ita\/wp-json\/wp\/v2\/users\/1"}],"replies":[{"embeddable":true,"href":"https:\/\/www.igengineering.it\/ita\/wp-json\/wp\/v2\/comments?post=4575"}],"version-history":[{"count":4,"href":"https:\/\/www.igengineering.it\/ita\/wp-json\/wp\/v2\/pages\/4575\/revisions"}],"predecessor-version":[{"id":4584,"href":"https:\/\/www.igengineering.it\/ita\/wp-json\/wp\/v2\/pages\/4575\/revisions\/4584"}],"wp:attachment":[{"href":"https:\/\/www.igengineering.it\/ita\/wp-json\/wp\/v2\/media?parent=4575"}],"curies":[{"name":"wp","href":"https:\/\/api.w.org\/{rel}","templated":true}]}}