{"id":4523,"date":"2019-01-09T17:05:01","date_gmt":"2019-01-09T16:05:01","guid":{"rendered":"https:\/\/www.igengineering.it\/?page_id=4523"},"modified":"2019-01-09T17:05:01","modified_gmt":"2019-01-09T16:05:01","slug":"sicurezza-integrata","status":"publish","type":"page","link":"https:\/\/www.igengineering.it\/ita\/sicurezza-integrata\/","title":{"rendered":"Sicurezza integrata"},"content":{"rendered":"<p>Il concetto di sicurezza che abbiamo oggi \u00e8 mirato ad una visione pi\u00f9 ampia del termine. La sicurezza \u00e8 un bene sociale perch\u00e9 il cittadino ha bisogno di essa, ha necessit\u00e0 di percepirla prima ancora di vederla realizzata.<\/p>\n<p>La stessa domanda collettiva \u00e8 in continua evoluzione, dalla semplice richiesta di tecnologie mirate alla risoluzione di ogni singolo problema si sta spostando verso la ricerca di sistemi globali, capaci di prevenire ogni tipo di minaccia.<\/p>\n<p>In questo contesto che intendiamo il concetto di sicurezza come una disciplina complessa che va analizzata, studiata, progettata, realizzata, mantenuta nel tempo e gestita.<\/p>\n<p>Questa \u00e8 la nostra logica.<\/p>\n","protected":false},"excerpt":{"rendered":"<p>Il concetto di sicurezza che abbiamo oggi \u00e8 mirato ad una visione pi\u00f9 ampia del termine. La sicurezza \u00e8 un bene sociale perch\u00e9 il cittadino ha bisogno di essa, ha necessit\u00e0 di percepirla prima ancora di vederla realizzata. La stessa domanda collettiva \u00e8 in continua evoluzione, dalla semplice richiesta di tecnologie mirate alla risoluzione di [&hellip;]<\/p>\n","protected":false},"author":1,"featured_media":0,"parent":0,"menu_order":0,"comment_status":"closed","ping_status":"closed","template":"","meta":{"footnotes":""},"class_list":["post-4523","page","type-page","status-publish","hentry"],"_links":{"self":[{"href":"https:\/\/www.igengineering.it\/ita\/wp-json\/wp\/v2\/pages\/4523","targetHints":{"allow":["GET"]}}],"collection":[{"href":"https:\/\/www.igengineering.it\/ita\/wp-json\/wp\/v2\/pages"}],"about":[{"href":"https:\/\/www.igengineering.it\/ita\/wp-json\/wp\/v2\/types\/page"}],"author":[{"embeddable":true,"href":"https:\/\/www.igengineering.it\/ita\/wp-json\/wp\/v2\/users\/1"}],"replies":[{"embeddable":true,"href":"https:\/\/www.igengineering.it\/ita\/wp-json\/wp\/v2\/comments?post=4523"}],"version-history":[{"count":0,"href":"https:\/\/www.igengineering.it\/ita\/wp-json\/wp\/v2\/pages\/4523\/revisions"}],"wp:attachment":[{"href":"https:\/\/www.igengineering.it\/ita\/wp-json\/wp\/v2\/media?parent=4523"}],"curies":[{"name":"wp","href":"https:\/\/api.w.org\/{rel}","templated":true}]}}